{"id":7,"date":"2022-01-21T15:44:20","date_gmt":"2022-01-21T14:44:20","guid":{"rendered":"https:\/\/kine-grabels-biancotto-galvan-recas.fr\/?page_id=7"},"modified":"2022-06-07T14:35:49","modified_gmt":"2022-06-07T12:35:49","slug":"bienvenue","status":"publish","type":"page","link":"https:\/\/kine-grabels-biancotto-galvan-recas.fr\/","title":{"rendered":"Bienvenue"},"content":{"rendered":"\n<blockquote class=\"wp-block-quote is-layout-flow wp-block-quote-is-layout-flow\"><p>Si tu veux \u00eatre en bonne sant\u00e9, soigne ton corps et ton esprit ; autrement dit, maintiens-les en une rigoureuse activit\u00e9<\/p><cite>Abd-Ru-Shin<\/cite><\/blockquote>\n\n\n<div ><div class=\"wpcp-carousel-wrapper wpcp-wrapper-15\">\n\t<div id=\"wpcp-preloader-15\" class=\"wpcp-carousel-preloader\"><img decoding=\"async\" src=\"https:\/\/kine-grabels-biancotto-galvan-recas.fr\/wp-content\/plugins\/wp-carousel-free\/public\/css\/ajax-loader.gif\" alt=\"Preloader Image\"\/><\/div>\t<div id=\"sp-wp-carousel-free-id-15\" class=\"wpcp-carousel-section sp-wpcp-15  nav-vertical-center wpcp-image-carousel wpcp-preloader wpcp-standard\" data-slick='{ \"accessibility\":true, \"arrows\":true, \"autoplay\":true, \"autoplaySpeed\":3000, \"dots\":true, \"infinite\":true, \"speed\":600, \"pauseOnHover\":true, \"slidesToShow\":1, \"responsive\":[ { \"breakpoint\":1200, \"settings\": { \"slidesToShow\":1 } }, { \"breakpoint\":980, \"settings\":{ \"slidesToShow\":1 } }, { \"breakpoint\":736, \"settings\": { \"slidesToShow\":1 } }, {\"breakpoint\":480, \"settings\":{ \"slidesToShow\":1, \"arrows\": false, \"dots\": true } } ], \"rtl\":false, \"lazyLoad\": \"false\", \"swipe\": true, \"draggable\": true, \"swipeToSlide\":false }'   dir=\"ltr\">\n\t\t<div class=\"\">\n\t<div class=\"wpcp-single-item\">\n\t\t<div class=\"wpcp-slide-image\">\n\t<img decoding=\"async\" class=\"skip-lazy\" src=\"\" alt=\"\" width=\"\" height=\"\"><\/div>\n\t<\/div>\n<\/div>\n<div class=\"\">\n\t<div class=\"wpcp-single-item\">\n\t\t<div class=\"wpcp-slide-image\">\n\t<img loading=\"lazy\" decoding=\"async\" class=\"skip-lazy\" src=\"https:\/\/kine-grabels-biancotto-galvan-recas.fr\/wp-content\/uploads\/2022\/04\/cabinet-5.jpg\" alt=\"cabinet 5\" width=\"600\" height=\"277\"><\/div>\n\t<\/div>\n<\/div>\n<div class=\"\">\n\t<div class=\"wpcp-single-item\">\n\t\t<div class=\"wpcp-slide-image\">\n\t<img loading=\"lazy\" decoding=\"async\" class=\"skip-lazy\" src=\"https:\/\/kine-grabels-biancotto-galvan-recas.fr\/wp-content\/uploads\/2022\/04\/cabinet-2.jpg\" alt=\"cabinet 2\" width=\"600\" height=\"455\"><\/div>\n\t<\/div>\n<\/div>\n<div class=\"\">\n\t<div class=\"wpcp-single-item\">\n\t\t<div class=\"wpcp-slide-image\">\n\t<img loading=\"lazy\" decoding=\"async\" class=\"skip-lazy\" src=\"https:\/\/kine-grabels-biancotto-galvan-recas.fr\/wp-content\/uploads\/2022\/04\/cabinet-3.jpg\" alt=\"cabinet 3\" width=\"600\" height=\"464\"><\/div>\n\t<\/div>\n<\/div>\n<div class=\"\">\n\t<div class=\"wpcp-single-item\">\n\t\t<div class=\"wpcp-slide-image\">\n\t<img loading=\"lazy\" decoding=\"async\" class=\"skip-lazy\" src=\"https:\/\/kine-grabels-biancotto-galvan-recas.fr\/wp-content\/uploads\/2022\/04\/cabinet-4.jpg\" alt=\"cabinet 4\" width=\"600\" height=\"450\"><\/div>\n\t<\/div>\n<\/div>\n<div class=\"\">\n\t<div class=\"wpcp-single-item\">\n\t\t<div class=\"wpcp-slide-image\">\n\t<img loading=\"lazy\" decoding=\"async\" class=\"skip-lazy\" src=\"https:\/\/kine-grabels-biancotto-galvan-recas.fr\/wp-content\/uploads\/2022\/04\/cabinet-1.jpg\" alt=\"cabinet 1\" width=\"600\" height=\"450\"><\/div>\n\t<\/div>\n<\/div>\n<div class=\"\">\n\t<div class=\"wpcp-single-item\">\n\t\t<div class=\"wpcp-slide-image\">\n\t<img decoding=\"async\" class=\"skip-lazy\" src=\"\" alt=\"\" width=\"\" height=\"\"><\/div>\n\t<\/div>\n<\/div>\n\t<\/div>\n<\/div>\n<\/div>\n\n\n<p>Nous sommes trois masseur-kin\u00e9sith\u00e9rapeutes exer\u00e7ant en cabinet de groupe sur la commune de Grabels. <a href=\"https:\/\/kine-grabels-biancotto-galvan-recas.fr\/?page_id=24\" data-type=\"page\" data-id=\"24\">Laurent Biancotto<\/a>, <a href=\"https:\/\/kine-grabels-biancotto-galvan-recas.fr\/?page_id=26\" data-type=\"page\" data-id=\"26\">Carolina Galvan Serrano<\/a> et <a href=\"https:\/\/kine-grabels-biancotto-galvan-recas.fr\/?page_id=29\" data-type=\"page\" data-id=\"29\">Juan Recas Rosello<\/a>.<\/p>\n\n\n\n<p><\/p>\n\n\n\n<p>Depuis la cr\u00e9ation du cabinet en 2011, nous proposons des traitements de qualit\u00e9 \u00e0 nos patients au sein d\u2019une approche humaine et d\u2019\u00e9coute active. Nous suivons les avanc\u00e9es scientifiques et nous nous formons continuellement pour vous proposer les meilleures techniques de r\u00e9\u00e9ducation.<\/p>\n\n\n\n<p><\/p>\n\n\n\n<p>Notre prise en charge s\u2019inscrit suivant 5 principes :<\/p>\n\n\n\n<ul class=\"wp-block-list\"><li>Une <strong>communication<\/strong> ad\u00e9quate et une \u00e9coute de qualit\u00e9 avec le patient contribuent \u00e0 la cr\u00e9ation d\u2019un climat favorable et \u00e0 la mise en confiance d\u00e8s la premi\u00e8re rencontre. Cela est d\u00e9terminant pour la r\u00e9ussite du traitement.<\/li><li><strong>Objectif partag\u00e9 avec le patient<\/strong> : patient et th\u00e9rapeute trouvent ensemble des solutions adapt\u00e9es. Le patient qui exprime ses attentes et ses valeurs, est le moteur principal de son traitement.<\/li><li><strong>L\u2019\u00e9ducation th\u00e9rapeutique<\/strong> : informer et former le patient lui permet d\u2019acqu\u00e9rir un savoir-faire ad\u00e9quat afin d\u2019am\u00e9liorer sa qualit\u00e9 de vie (OMS 1998)<\/li><li><strong>L\u2019exercice th\u00e9rapeutique <\/strong>: \u00ab le traitement c\u2019est le <strong>mouvement<\/strong> \u00bb<\/li><li><strong>La th\u00e9rapie manuelle<\/strong> : que ce soit pour diagnostiquer ou pour traiter notre main est l\u2019outil pr\u00e9f\u00e9rentiel.<\/li><\/ul>\n","protected":false},"excerpt":{"rendered":"<p>Si tu veux \u00eatre en bonne sant\u00e9, soigne ton corps et ton esprit ; autrement dit, maintiens-les en une rigoureuse activit\u00e9 Abd-Ru-Shin Nous sommes trois masseur-kin\u00e9sith\u00e9rapeutes exer\u00e7ant en cabinet de groupe sur la commune de Grabels. Laurent Biancotto, Carolina Galvan Serrano et Juan Recas Rosello. Depuis la cr\u00e9ation du cabinet en 2011, nous proposons des [&hellip;]<\/p>\n","protected":false},"author":1,"featured_media":0,"parent":0,"menu_order":0,"comment_status":"closed","ping_status":"closed","template":"","meta":{"hide_page_title":"","_coblocks_attr":"","_coblocks_dimensions":"","_coblocks_responsive_height":"","_coblocks_accordion_ie_support":"","footnotes":""},"class_list":["post-7","page","type-page","status-publish","hentry"],"_links":{"self":[{"href":"https:\/\/kine-grabels-biancotto-galvan-recas.fr\/index.php?rest_route=\/wp\/v2\/pages\/7","targetHints":{"allow":["GET"]}}],"collection":[{"href":"https:\/\/kine-grabels-biancotto-galvan-recas.fr\/index.php?rest_route=\/wp\/v2\/pages"}],"about":[{"href":"https:\/\/kine-grabels-biancotto-galvan-recas.fr\/index.php?rest_route=\/wp\/v2\/types\/page"}],"author":[{"embeddable":true,"href":"https:\/\/kine-grabels-biancotto-galvan-recas.fr\/index.php?rest_route=\/wp\/v2\/users\/1"}],"replies":[{"embeddable":true,"href":"https:\/\/kine-grabels-biancotto-galvan-recas.fr\/index.php?rest_route=%2Fwp%2Fv2%2Fcomments&post=7"}],"version-history":[{"count":8,"href":"https:\/\/kine-grabels-biancotto-galvan-recas.fr\/index.php?rest_route=\/wp\/v2\/pages\/7\/revisions"}],"predecessor-version":[{"id":130,"href":"https:\/\/kine-grabels-biancotto-galvan-recas.fr\/index.php?rest_route=\/wp\/v2\/pages\/7\/revisions\/130"}],"wp:attachment":[{"href":"https:\/\/kine-grabels-biancotto-galvan-recas.fr\/index.php?rest_route=%2Fwp%2Fv2%2Fmedia&parent=7"}],"curies":[{"name":"wp","href":"https:\/\/api.w.org\/{rel}","templated":true}]}}